{"id":2986,"date":"2017-02-02T13:53:07","date_gmt":"2017-02-02T13:53:07","guid":{"rendered":"http:\/\/prodhuesit.org\/?page_id=2986"},"modified":"2023-07-31T08:32:04","modified_gmt":"2023-07-31T08:32:04","slug":"anetaret","status":"publish","type":"page","link":"https:\/\/www.prodhuesit.org\/?page_id=2986","title":{"rendered":"AN\u00cbTAR\u00cbT E ASAMBLES\u00cb S\u00cb P\u00cbRGJITHSHME"},"content":{"rendered":"","protected":false},"excerpt":{"rendered":"","protected":false},"author":1,"featured_media":0,"parent":0,"menu_order":0,"comment_status":"closed","ping_status":"closed","template":"","meta":{"_eb_attr":"","footnotes":""},"class_list":["post-2986","page","type-page","status-publish","hentry"],"_links":{"self":[{"href":"https:\/\/www.prodhuesit.org\/index.php?rest_route=\/wp\/v2\/pages\/2986","targetHints":{"allow":["GET"]}}],"collection":[{"href":"https:\/\/www.prodhuesit.org\/index.php?rest_route=\/wp\/v2\/pages"}],"about":[{"href":"https:\/\/www.prodhuesit.org\/index.php?rest_route=\/wp\/v2\/types\/page"}],"author":[{"embeddable":true,"href":"https:\/\/www.prodhuesit.org\/index.php?rest_route=\/wp\/v2\/users\/1"}],"replies":[{"embeddable":true,"href":"https:\/\/www.prodhuesit.org\/index.php?rest_route=%2Fwp%2Fv2%2Fcomments&post=2986"}],"version-history":[{"count":4,"href":"https:\/\/www.prodhuesit.org\/index.php?rest_route=\/wp\/v2\/pages\/2986\/revisions"}],"predecessor-version":[{"id":7679,"href":"https:\/\/www.prodhuesit.org\/index.php?rest_route=\/wp\/v2\/pages\/2986\/revisions\/7679"}],"wp:attachment":[{"href":"https:\/\/www.prodhuesit.org\/index.php?rest_route=%2Fwp%2Fv2%2Fmedia&parent=2986"}],"curies":[{"name":"wp","href":"https:\/\/api.w.org\/{rel}","templated":true}]}}