{"id":6092,"date":"2019-04-17T12:53:18","date_gmt":"2019-04-17T12:53:18","guid":{"rendered":"http:\/\/prodhuesit.org\/?page_id=6092"},"modified":"2023-02-13T14:24:21","modified_gmt":"2023-02-13T13:24:21","slug":"nje-fjale-per-bashkimin-e-prodhuesve-shqiptare","status":"publish","type":"page","link":"https:\/\/www.prodhuesit.org\/?page_id=6092","title":{"rendered":"Nj\u00eb fjal\u00eb p\u00ebr Organizat\u00ebn"},"content":{"rendered":"\n<p><\/p>\n\n\n\n<p>BASHKIMI I PRODHUESVE SHQIPTAR\u00cb<\/p>\n","protected":false},"excerpt":{"rendered":"<p>BASHKIMI I PRODHUESVE SHQIPTAR\u00cb<\/p>\n","protected":false},"author":1,"featured_media":7747,"parent":0,"menu_order":0,"comment_status":"closed","ping_status":"closed","template":"","meta":{"_eb_attr":"","footnotes":""},"class_list":["post-6092","page","type-page","status-publish","has-post-thumbnail","hentry"],"_links":{"self":[{"href":"https:\/\/www.prodhuesit.org\/index.php?rest_route=\/wp\/v2\/pages\/6092","targetHints":{"allow":["GET"]}}],"collection":[{"href":"https:\/\/www.prodhuesit.org\/index.php?rest_route=\/wp\/v2\/pages"}],"about":[{"href":"https:\/\/www.prodhuesit.org\/index.php?rest_route=\/wp\/v2\/types\/page"}],"author":[{"embeddable":true,"href":"https:\/\/www.prodhuesit.org\/index.php?rest_route=\/wp\/v2\/users\/1"}],"replies":[{"embeddable":true,"href":"https:\/\/www.prodhuesit.org\/index.php?rest_route=%2Fwp%2Fv2%2Fcomments&post=6092"}],"version-history":[{"count":5,"href":"https:\/\/www.prodhuesit.org\/index.php?rest_route=\/wp\/v2\/pages\/6092\/revisions"}],"predecessor-version":[{"id":7818,"href":"https:\/\/www.prodhuesit.org\/index.php?rest_route=\/wp\/v2\/pages\/6092\/revisions\/7818"}],"wp:featuredmedia":[{"embeddable":true,"href":"https:\/\/www.prodhuesit.org\/index.php?rest_route=\/wp\/v2\/media\/7747"}],"wp:attachment":[{"href":"https:\/\/www.prodhuesit.org\/index.php?rest_route=%2Fwp%2Fv2%2Fmedia&parent=6092"}],"curies":[{"name":"wp","href":"https:\/\/api.w.org\/{rel}","templated":true}]}}