{"id":7787,"date":"2023-01-17T15:03:13","date_gmt":"2023-01-17T14:03:13","guid":{"rendered":"https:\/\/www.prodhuesit.org\/?page_id=7787"},"modified":"2023-01-24T14:07:33","modified_gmt":"2023-01-24T13:07:33","slug":"komitetet-e-politikave-2","status":"publish","type":"page","link":"https:\/\/www.prodhuesit.org\/?page_id=7787","title":{"rendered":"KOMITETET E POLITIKAVE"},"content":{"rendered":"\t\t<div data-elementor-type=\"wp-page\" data-elementor-id=\"7787\" class=\"elementor elementor-7787\">\n\t\t\t\t\t\t<section class=\"elementor-section elementor-top-section elementor-element elementor-element-bd914ac elementor-section-boxed elementor-section-height-default elementor-section-height-default\" data-id=\"bd914ac\" data-element_type=\"section\">\n\t\t\t\t\t\t<div class=\"elementor-container elementor-column-gap-default\">\n\t\t\t\t\t<div class=\"elementor-column elementor-col-100 elementor-top-column elementor-element elementor-element-d3634dc\" data-id=\"d3634dc\" data-element_type=\"column\">\n\t\t\t<div class=\"elementor-widget-wrap elementor-element-populated\">\n\t\t\t\t\t\t<div class=\"elementor-element elementor-element-54bd9c4 elementor-widget elementor-widget-heading\" data-id=\"54bd9c4\" data-element_type=\"widget\" data-widget_type=\"heading.default\">\n\t\t\t\t<div class=\"elementor-widget-container\">\n\t\t\t\t\t<h2 class=\"elementor-heading-title elementor-size-default\"><h2>KOMITETET E POLITIKAVE<\/h2><\/h2>\t\t\t\t<\/div>\n\t\t\t\t<\/div>\n\t\t\t\t\t<\/div>\n\t\t<\/div>\n\t\t\t\t\t<\/div>\n\t\t<\/section>\n\t\t\t\t<section class=\"elementor-section elementor-top-section elementor-element elementor-element-3d030dd elementor-section-boxed elementor-section-height-default elementor-section-height-default\" data-id=\"3d030dd\" data-element_type=\"section\">\n\t\t\t\t\t\t<div class=\"elementor-container elementor-column-gap-default\">\n\t\t\t\t\t<div class=\"elementor-column elementor-col-100 elementor-top-column elementor-element elementor-element-3c5bf0f\" data-id=\"3c5bf0f\" data-element_type=\"column\">\n\t\t\t<div class=\"elementor-widget-wrap elementor-element-populated\">\n\t\t\t\t\t\t<div class=\"elementor-element elementor-element-a2ee697 elementor-widget elementor-widget-text-editor\" data-id=\"a2ee697\" data-element_type=\"widget\" data-widget_type=\"text-editor.default\">\n\t\t\t\t<div class=\"elementor-widget-container\">\n\t\t\t\t\t\t\t\t\t<p>Shoqata ka n\u00eb p\u00ebrb\u00ebrjen e saj disa Komitete p\u00ebr \u00e7\u00ebshtjet m\u00eb t\u00eb r\u00ebnd\u00ebsishme t\u00eb cilat marrin n\u00eb analiz\u00eb problematika t\u00eb p\u00ebrgjithshme dhe specifike p\u00ebr \u00e7do sektor prodhimi, si dhe\u00a0 ofrojn\u00eb propozime p\u00ebr zgjidhje (ligjore, pro\u00e7edurale, teknike, financiare etj). Komitetet e politikave p\u00ebrb\u00ebhen nga:<\/p>\t\t\t\t\t\t\t\t<\/div>\n\t\t\t\t<\/div>\n\t\t\t\t\t<\/div>\n\t\t<\/div>\n\t\t\t\t\t<\/div>\n\t\t<\/section>\n\t\t\t\t<section class=\"elementor-section elementor-top-section elementor-element elementor-element-a7f6091 elementor-section-boxed elementor-section-height-default elementor-section-height-default\" data-id=\"a7f6091\" data-element_type=\"section\">\n\t\t\t\t\t\t<div class=\"elementor-container elementor-column-gap-default\">\n\t\t\t\t\t<div class=\"elementor-column elementor-col-100 elementor-top-column elementor-element elementor-element-5d0e86b\" data-id=\"5d0e86b\" data-element_type=\"column\">\n\t\t\t<div class=\"elementor-widget-wrap\">\n\t\t\t\t\t\t\t<\/div>\n\t\t<\/div>\n\t\t\t\t\t<\/div>\n\t\t<\/section>\n\t\t\t\t<section class=\"elementor-section elementor-top-section elementor-element elementor-element-0c8c7d1 elementor-section-boxed elementor-section-height-default elementor-section-height-default\" data-id=\"0c8c7d1\" data-element_type=\"section\">\n\t\t\t\t\t\t<div class=\"elementor-container elementor-column-gap-default\">\n\t\t\t\t\t<div class=\"elementor-column elementor-col-100 elementor-top-column elementor-element elementor-element-6c346f9\" data-id=\"6c346f9\" data-element_type=\"column\">\n\t\t\t<div class=\"elementor-widget-wrap elementor-element-populated\">\n\t\t\t\t\t\t<section class=\"elementor-section elementor-inner-section elementor-element elementor-element-26874fa elementor-section-boxed elementor-section-height-default elementor-section-height-default\" data-id=\"26874fa\" data-element_type=\"section\">\n\t\t\t\t\t\t<div class=\"elementor-container elementor-column-gap-default\">\n\t\t\t\t\t<div class=\"elementor-column elementor-col-100 elementor-inner-column elementor-element elementor-element-e9ee75f\" data-id=\"e9ee75f\" data-element_type=\"column\">\n\t\t\t<div class=\"elementor-widget-wrap elementor-element-populated\">\n\t\t\t\t\t\t<div class=\"elementor-element elementor-element-1ce8b05 elementor-position-left elementor-view-default elementor-mobile-position-top elementor-widget elementor-widget-icon-box\" data-id=\"1ce8b05\" data-element_type=\"widget\" data-widget_type=\"icon-box.default\">\n\t\t\t\t<div class=\"elementor-widget-container\">\n\t\t\t\t\t\t\t<div class=\"elementor-icon-box-wrapper\">\n\n\t\t\t\t\t\t<div class=\"elementor-icon-box-icon\">\n\t\t\t\t<span  class=\"elementor-icon\">\n\t\t\t\t<i aria-hidden=\"true\" class=\"fas fa-industry\"><\/i>\t\t\t\t<\/span>\n\t\t\t<\/div>\n\t\t\t\n\t\t\t\t\t\t<div class=\"elementor-icon-box-content\">\n\n\t\t\t\t\t\t\t\t\t<h1 class=\"elementor-icon-box-title\">\n\t\t\t\t\t\t<span  >\n\t\t\t\t\t\t\tKomiteti i Industris\u00eb, Tregetis\u00eb dhe Inovacionit\t\t\t\t\t\t<\/span>\n\t\t\t\t\t<\/h1>\n\t\t\t\t\n\t\t\t\t\t\t\t\t\t<p class=\"elementor-icon-box-description\">\n\t\t\t\t\t\tKomiteti i politikave t\u00eb Industris\u00eb, Tregtis\u00eb dhe Inovacionit ka si funksion trajtimin e \u00e7\u00ebshtjeve   t\u00eb lidhura me objektivat e axhend\u00ebs s\u00eb konkrueshm\u00ebris\u00eb.\t\t\t\t\t<\/p>\n\t\t\t\t\n\t\t\t<\/div>\n\t\t\t\n\t\t<\/div>\n\t\t\t\t\t\t<\/div>\n\t\t\t\t<\/div>\n\t\t\t\t\t<\/div>\n\t\t<\/div>\n\t\t\t\t\t<\/div>\n\t\t<\/section>\n\t\t\t\t<section class=\"elementor-section elementor-inner-section elementor-element elementor-element-1be3361 elementor-section-boxed elementor-section-height-default elementor-section-height-default\" data-id=\"1be3361\" data-element_type=\"section\">\n\t\t\t\t\t\t<div class=\"elementor-container elementor-column-gap-default\">\n\t\t\t\t\t<div class=\"elementor-column elementor-col-50 elementor-inner-column elementor-element elementor-element-e0d0a47\" data-id=\"e0d0a47\" data-element_type=\"column\">\n\t\t\t<div class=\"elementor-widget-wrap\">\n\t\t\t\t\t\t\t<\/div>\n\t\t<\/div>\n\t\t\t\t<div class=\"elementor-column elementor-col-50 elementor-inner-column elementor-element elementor-element-8a9c314\" data-id=\"8a9c314\" data-element_type=\"column\">\n\t\t\t<div class=\"elementor-widget-wrap elementor-element-populated\">\n\t\t\t\t\t\t<div class=\"elementor-element elementor-element-68cf4cb elementor-position-left elementor-vertical-align-top elementor-widget elementor-widget-image-box\" data-id=\"68cf4cb\" data-element_type=\"widget\" data-widget_type=\"image-box.default\">\n\t\t\t\t<div class=\"elementor-widget-container\">\n\t\t\t\t\t<div class=\"elementor-image-box-wrapper\"><figure class=\"elementor-image-box-img\"><img decoding=\"async\" width=\"150\" height=\"150\" src=\"https:\/\/www.prodhuesit.org\/wp-content\/uploads\/2023\/01\/image_2023_01_17T13_51_29_510Z-150x150.png\" class=\"attachment-thumbnail size-thumbnail wp-image-7789\" alt=\"\" srcset=\"https:\/\/www.prodhuesit.org\/wp-content\/uploads\/2023\/01\/image_2023_01_17T13_51_29_510Z-150x150.png 150w, https:\/\/www.prodhuesit.org\/wp-content\/uploads\/2023\/01\/image_2023_01_17T13_51_29_510Z-50x50.png 50w, https:\/\/www.prodhuesit.org\/wp-content\/uploads\/2023\/01\/image_2023_01_17T13_51_29_510Z-85x85.png 85w, https:\/\/www.prodhuesit.org\/wp-content\/uploads\/2023\/01\/image_2023_01_17T13_51_29_510Z-80x80.png 80w\" sizes=\"(max-width:767px) 150px, 150px\" \/><\/figure><div class=\"elementor-image-box-content\"><h5 class=\"elementor-image-box-title\">Vullnet Haka<\/h5><p class=\"elementor-image-box-description\">Kryetar<\/p><\/div><\/div>\t\t\t\t<\/div>\n\t\t\t\t<\/div>\n\t\t\t\t\t<\/div>\n\t\t<\/div>\n\t\t\t\t\t<\/div>\n\t\t<\/section>\n\t\t\t\t\t<\/div>\n\t\t<\/div>\n\t\t\t\t\t<\/div>\n\t\t<\/section>\n\t\t\t\t<section class=\"elementor-section elementor-top-section elementor-element elementor-element-ee1aa93 elementor-section-boxed elementor-section-height-default elementor-section-height-default\" data-id=\"ee1aa93\" data-element_type=\"section\">\n\t\t\t\t\t\t<div class=\"elementor-container elementor-column-gap-default\">\n\t\t\t\t\t<div class=\"elementor-column elementor-col-100 elementor-top-column elementor-element elementor-element-1fdbc5a\" data-id=\"1fdbc5a\" data-element_type=\"column\">\n\t\t\t<div class=\"elementor-widget-wrap elementor-element-populated\">\n\t\t\t\t\t\t<section class=\"elementor-section elementor-inner-section elementor-element elementor-element-fe1d141 elementor-section-boxed elementor-section-height-default elementor-section-height-default\" data-id=\"fe1d141\" data-element_type=\"section\">\n\t\t\t\t\t\t<div class=\"elementor-container elementor-column-gap-default\">\n\t\t\t\t\t<div class=\"elementor-column elementor-col-100 elementor-inner-column elementor-element elementor-element-b19a6aa\" data-id=\"b19a6aa\" data-element_type=\"column\">\n\t\t\t<div class=\"elementor-widget-wrap elementor-element-populated\">\n\t\t\t\t\t\t<div class=\"elementor-element elementor-element-87154b9 elementor-position-left elementor-view-default elementor-mobile-position-top elementor-widget elementor-widget-icon-box\" data-id=\"87154b9\" data-element_type=\"widget\" data-widget_type=\"icon-box.default\">\n\t\t\t\t<div class=\"elementor-widget-container\">\n\t\t\t\t\t\t\t<div class=\"elementor-icon-box-wrapper\">\n\n\t\t\t\t\t\t<div class=\"elementor-icon-box-icon\">\n\t\t\t\t<span  class=\"elementor-icon\">\n\t\t\t\t<i aria-hidden=\"true\" class=\"fas fa-user-graduate\"><\/i>\t\t\t\t<\/span>\n\t\t\t<\/div>\n\t\t\t\n\t\t\t\t\t\t<div class=\"elementor-icon-box-content\">\n\n\t\t\t\t\t\t\t\t\t<h1 class=\"elementor-icon-box-title\">\n\t\t\t\t\t\t<span  >\n\t\t\t\t\t\t\tKomiteti i Legjislacionit, Taksave dhe Procedurave\t\t\t\t\t\t<\/span>\n\t\t\t\t\t<\/h1>\n\t\t\t\t\n\t\t\t\t\t\t\t\t\t<p class=\"elementor-icon-box-description\">\n\t\t\t\t\t\tKomiteti i Legjislacionit, Taksave dhe Procedurave merret me shqyrtimin e legjislacionit shqiptar dhe p\u00ebrputhueshm\u00ebrin\u00eb me direktivat dhe legjislacionin e BE-s\u00eb.\t\t\t\t\t<\/p>\n\t\t\t\t\n\t\t\t<\/div>\n\t\t\t\n\t\t<\/div>\n\t\t\t\t\t\t<\/div>\n\t\t\t\t<\/div>\n\t\t\t\t\t<\/div>\n\t\t<\/div>\n\t\t\t\t\t<\/div>\n\t\t<\/section>\n\t\t\t\t<section class=\"elementor-section elementor-inner-section elementor-element elementor-element-dd2fdfd elementor-section-boxed elementor-section-height-default elementor-section-height-default\" data-id=\"dd2fdfd\" data-element_type=\"section\">\n\t\t\t\t\t\t<div class=\"elementor-container elementor-column-gap-default\">\n\t\t\t\t\t<div class=\"elementor-column elementor-col-50 elementor-inner-column elementor-element elementor-element-3f97eec\" data-id=\"3f97eec\" data-element_type=\"column\">\n\t\t\t<div class=\"elementor-widget-wrap\">\n\t\t\t\t\t\t\t<\/div>\n\t\t<\/div>\n\t\t\t\t<div class=\"elementor-column elementor-col-50 elementor-inner-column elementor-element elementor-element-c1e39c4\" data-id=\"c1e39c4\" data-element_type=\"column\">\n\t\t\t<div class=\"elementor-widget-wrap elementor-element-populated\">\n\t\t\t\t\t\t<div class=\"elementor-element elementor-element-dc90144 elementor-position-left elementor-vertical-align-top elementor-widget elementor-widget-image-box\" data-id=\"dc90144\" data-element_type=\"widget\" data-widget_type=\"image-box.default\">\n\t\t\t\t<div class=\"elementor-widget-container\">\n\t\t\t\t\t<div class=\"elementor-image-box-wrapper\"><figure class=\"elementor-image-box-img\"><img decoding=\"async\" width=\"150\" height=\"150\" src=\"https:\/\/www.prodhuesit.org\/wp-content\/uploads\/2023\/01\/291984d2-84dc-4850-880a-d0ed8c64af66-150x150.png\" class=\"attachment-thumbnail size-thumbnail wp-image-7801\" alt=\"\" srcset=\"https:\/\/www.prodhuesit.org\/wp-content\/uploads\/2023\/01\/291984d2-84dc-4850-880a-d0ed8c64af66-150x150.png 150w, https:\/\/www.prodhuesit.org\/wp-content\/uploads\/2023\/01\/291984d2-84dc-4850-880a-d0ed8c64af66-85x85.png 85w, https:\/\/www.prodhuesit.org\/wp-content\/uploads\/2023\/01\/291984d2-84dc-4850-880a-d0ed8c64af66-80x80.png 80w\" sizes=\"(max-width:767px) 150px, 150px\" \/><\/figure><div class=\"elementor-image-box-content\"><h5 class=\"elementor-image-box-title\">Dritan Nako<\/h5><p class=\"elementor-image-box-description\">Kryetar<\/p><\/div><\/div>\t\t\t\t<\/div>\n\t\t\t\t<\/div>\n\t\t\t\t\t<\/div>\n\t\t<\/div>\n\t\t\t\t\t<\/div>\n\t\t<\/section>\n\t\t\t\t\t<\/div>\n\t\t<\/div>\n\t\t\t\t\t<\/div>\n\t\t<\/section>\n\t\t\t\t<section class=\"elementor-section elementor-top-section elementor-element elementor-element-4cf604c elementor-section-boxed elementor-section-height-default elementor-section-height-default\" data-id=\"4cf604c\" data-element_type=\"section\">\n\t\t\t\t\t\t<div class=\"elementor-container elementor-column-gap-default\">\n\t\t\t\t\t<div class=\"elementor-column elementor-col-100 elementor-top-column elementor-element elementor-element-568b96c\" data-id=\"568b96c\" data-element_type=\"column\">\n\t\t\t<div class=\"elementor-widget-wrap elementor-element-populated\">\n\t\t\t\t\t\t<section class=\"elementor-section elementor-inner-section elementor-element elementor-element-8187093 elementor-section-boxed elementor-section-height-default elementor-section-height-default\" data-id=\"8187093\" data-element_type=\"section\">\n\t\t\t\t\t\t<div class=\"elementor-container elementor-column-gap-default\">\n\t\t\t\t\t<div class=\"elementor-column elementor-col-100 elementor-inner-column elementor-element elementor-element-b084c4c\" data-id=\"b084c4c\" data-element_type=\"column\">\n\t\t\t<div class=\"elementor-widget-wrap elementor-element-populated\">\n\t\t\t\t\t\t<div class=\"elementor-element elementor-element-30ca7e0 elementor-position-left elementor-view-default elementor-mobile-position-top elementor-widget elementor-widget-icon-box\" data-id=\"30ca7e0\" data-element_type=\"widget\" data-widget_type=\"icon-box.default\">\n\t\t\t\t<div class=\"elementor-widget-container\">\n\t\t\t\t\t\t\t<div class=\"elementor-icon-box-wrapper\">\n\n\t\t\t\t\t\t<div class=\"elementor-icon-box-icon\">\n\t\t\t\t<span  class=\"elementor-icon\">\n\t\t\t\t<i aria-hidden=\"true\" class=\"fas fa-globe-europe\"><\/i>\t\t\t\t<\/span>\n\t\t\t<\/div>\n\t\t\t\n\t\t\t\t\t\t<div class=\"elementor-icon-box-content\">\n\n\t\t\t\t\t\t\t\t\t<h1 class=\"elementor-icon-box-title\">\n\t\t\t\t\t\t<span  >\n\t\t\t\t\t\t\tKomiteti i Integrimit Rajonal dhe BE-s\u00eb\t\t\t\t\t\t<\/span>\n\t\t\t\t\t<\/h1>\n\t\t\t\t\n\t\t\t\t\t\t\t\t\t<p class=\"elementor-icon-box-description\">\n\t\t\t\t\t\tKomiteti i Integrimit Rajonal dhe BE-s\u00eb merret me shqyrtimin e \u00e7\u00ebshtjeve bazuar mbi direktivat e Marr\u00ebveshjes t\u00eb Tregtis\u00eb s\u00eb Lir\u00eb t\u00eb Evrop\u00ebs Qendrore (CEFTA).\t\t\t\t\t<\/p>\n\t\t\t\t\n\t\t\t<\/div>\n\t\t\t\n\t\t<\/div>\n\t\t\t\t\t\t<\/div>\n\t\t\t\t<\/div>\n\t\t\t\t\t<\/div>\n\t\t<\/div>\n\t\t\t\t\t<\/div>\n\t\t<\/section>\n\t\t\t\t<section class=\"elementor-section elementor-inner-section elementor-element elementor-element-0829971 elementor-section-boxed elementor-section-height-default elementor-section-height-default\" data-id=\"0829971\" data-element_type=\"section\">\n\t\t\t\t\t\t<div class=\"elementor-container elementor-column-gap-default\">\n\t\t\t\t\t<div class=\"elementor-column elementor-col-50 elementor-inner-column elementor-element elementor-element-bccd590\" data-id=\"bccd590\" data-element_type=\"column\">\n\t\t\t<div class=\"elementor-widget-wrap\">\n\t\t\t\t\t\t\t<\/div>\n\t\t<\/div>\n\t\t\t\t<div class=\"elementor-column elementor-col-50 elementor-inner-column elementor-element elementor-element-7433ef8\" data-id=\"7433ef8\" data-element_type=\"column\">\n\t\t\t<div class=\"elementor-widget-wrap elementor-element-populated\">\n\t\t\t\t\t\t<div class=\"elementor-element elementor-element-e1b1025 elementor-position-left elementor-vertical-align-top elementor-widget elementor-widget-image-box\" data-id=\"e1b1025\" data-element_type=\"widget\" data-widget_type=\"image-box.default\">\n\t\t\t\t<div class=\"elementor-widget-container\">\n\t\t\t\t\t<div class=\"elementor-image-box-wrapper\"><figure class=\"elementor-image-box-img\"><img decoding=\"async\" width=\"150\" height=\"150\" src=\"https:\/\/www.prodhuesit.org\/wp-content\/uploads\/2023\/01\/DionisTeqja-849-1-150x150.jpg\" class=\"attachment-thumbnail size-thumbnail wp-image-7803\" alt=\"\" srcset=\"https:\/\/www.prodhuesit.org\/wp-content\/uploads\/2023\/01\/DionisTeqja-849-1-150x150.jpg 150w, https:\/\/www.prodhuesit.org\/wp-content\/uploads\/2023\/01\/DionisTeqja-849-1-85x85.jpg 85w, https:\/\/www.prodhuesit.org\/wp-content\/uploads\/2023\/01\/DionisTeqja-849-1-80x80.jpg 80w\" sizes=\"(max-width:767px) 150px, 150px\" \/><\/figure><div class=\"elementor-image-box-content\"><h5 class=\"elementor-image-box-title\">Dionis Teqja<\/h5><p class=\"elementor-image-box-description\">Kryetar<\/p><\/div><\/div>\t\t\t\t<\/div>\n\t\t\t\t<\/div>\n\t\t\t\t\t<\/div>\n\t\t<\/div>\n\t\t\t\t\t<\/div>\n\t\t<\/section>\n\t\t\t\t\t<\/div>\n\t\t<\/div>\n\t\t\t\t\t<\/div>\n\t\t<\/section>\n\t\t\t\t<section class=\"elementor-section elementor-top-section elementor-element elementor-element-2ad08ac elementor-section-boxed elementor-section-height-default elementor-section-height-default\" data-id=\"2ad08ac\" data-element_type=\"section\">\n\t\t\t\t\t\t<div class=\"elementor-container elementor-column-gap-default\">\n\t\t\t\t\t<div class=\"elementor-column elementor-col-100 elementor-top-column elementor-element elementor-element-11a49a0\" data-id=\"11a49a0\" data-element_type=\"column\">\n\t\t\t<div class=\"elementor-widget-wrap elementor-element-populated\">\n\t\t\t\t\t\t<section class=\"elementor-section elementor-inner-section elementor-element elementor-element-d0e497d elementor-section-boxed elementor-section-height-default elementor-section-height-default\" data-id=\"d0e497d\" data-element_type=\"section\">\n\t\t\t\t\t\t<div class=\"elementor-container elementor-column-gap-default\">\n\t\t\t\t\t<div class=\"elementor-column elementor-col-100 elementor-inner-column elementor-element elementor-element-cd89a41\" data-id=\"cd89a41\" data-element_type=\"column\">\n\t\t\t<div class=\"elementor-widget-wrap elementor-element-populated\">\n\t\t\t\t\t\t<div class=\"elementor-element elementor-element-6a7f48e elementor-position-left elementor-view-default elementor-mobile-position-top elementor-widget elementor-widget-icon-box\" data-id=\"6a7f48e\" data-element_type=\"widget\" data-widget_type=\"icon-box.default\">\n\t\t\t\t<div class=\"elementor-widget-container\">\n\t\t\t\t\t\t\t<div class=\"elementor-icon-box-wrapper\">\n\n\t\t\t\t\t\t<div class=\"elementor-icon-box-icon\">\n\t\t\t\t<span  class=\"elementor-icon\">\n\t\t\t\t<i aria-hidden=\"true\" class=\"fas fa-book-open\"><\/i>\t\t\t\t<\/span>\n\t\t\t<\/div>\n\t\t\t\n\t\t\t\t\t\t<div class=\"elementor-icon-box-content\">\n\n\t\t\t\t\t\t\t\t\t<h1 class=\"elementor-icon-box-title\">\n\t\t\t\t\t\t<span  >\n\t\t\t\t\t\t\tKomisioni i P\u00ebrputhshm\u00ebris\u00eb Statutore\t\t\t\t\t\t<\/span>\n\t\t\t\t\t<\/h1>\n\t\t\t\t\n\t\t\t\t\n\t\t\t<\/div>\n\t\t\t\n\t\t<\/div>\n\t\t\t\t\t\t<\/div>\n\t\t\t\t<\/div>\n\t\t\t\t\t<\/div>\n\t\t<\/div>\n\t\t\t\t\t<\/div>\n\t\t<\/section>\n\t\t\t\t<section class=\"elementor-section elementor-inner-section elementor-element elementor-element-1677ef6 elementor-section-boxed elementor-section-height-default elementor-section-height-default\" data-id=\"1677ef6\" data-element_type=\"section\">\n\t\t\t\t\t\t<div class=\"elementor-container elementor-column-gap-default\">\n\t\t\t\t\t<div class=\"elementor-column elementor-col-50 elementor-inner-column elementor-element elementor-element-3aa2628\" data-id=\"3aa2628\" data-element_type=\"column\">\n\t\t\t<div class=\"elementor-widget-wrap\">\n\t\t\t\t\t\t\t<\/div>\n\t\t<\/div>\n\t\t\t\t<div class=\"elementor-column elementor-col-50 elementor-inner-column elementor-element elementor-element-3d331e2\" data-id=\"3d331e2\" data-element_type=\"column\">\n\t\t\t<div class=\"elementor-widget-wrap elementor-element-populated\">\n\t\t\t\t\t\t<div class=\"elementor-element elementor-element-8e0d7bd elementor-position-left elementor-vertical-align-top elementor-widget elementor-widget-image-box\" data-id=\"8e0d7bd\" data-element_type=\"widget\" data-widget_type=\"image-box.default\">\n\t\t\t\t<div class=\"elementor-widget-container\">\n\t\t\t\t\t<div class=\"elementor-image-box-wrapper\"><figure class=\"elementor-image-box-img\"><img loading=\"lazy\" decoding=\"async\" width=\"150\" height=\"150\" src=\"https:\/\/www.prodhuesit.org\/wp-content\/uploads\/2023\/01\/ilda-Baraj-150x150.png\" class=\"attachment-thumbnail size-thumbnail wp-image-7747\" alt=\"\" srcset=\"https:\/\/www.prodhuesit.org\/wp-content\/uploads\/2023\/01\/ilda-Baraj-150x150.png 150w, https:\/\/www.prodhuesit.org\/wp-content\/uploads\/2023\/01\/ilda-Baraj-300x300.png 300w, https:\/\/www.prodhuesit.org\/wp-content\/uploads\/2023\/01\/ilda-Baraj-147x146.png 147w, https:\/\/www.prodhuesit.org\/wp-content\/uploads\/2023\/01\/ilda-Baraj-50x50.png 50w, https:\/\/www.prodhuesit.org\/wp-content\/uploads\/2023\/01\/ilda-Baraj-75x75.png 75w, https:\/\/www.prodhuesit.org\/wp-content\/uploads\/2023\/01\/ilda-Baraj-85x85.png 85w, https:\/\/www.prodhuesit.org\/wp-content\/uploads\/2023\/01\/ilda-Baraj-80x80.png 80w, https:\/\/www.prodhuesit.org\/wp-content\/uploads\/2023\/01\/ilda-Baraj.png 641w\" sizes=\"(max-width:767px) 150px, 150px\" \/><\/figure><div class=\"elementor-image-box-content\"><h5 class=\"elementor-image-box-title\">Ilda Baraj<\/h5><p class=\"elementor-image-box-description\">Kryetar<\/p><\/div><\/div>\t\t\t\t<\/div>\n\t\t\t\t<\/div>\n\t\t\t\t\t<\/div>\n\t\t<\/div>\n\t\t\t\t\t<\/div>\n\t\t<\/section>\n\t\t\t\t\t<\/div>\n\t\t<\/div>\n\t\t\t\t\t<\/div>\n\t\t<\/section>\n\t\t\t\t<\/div>\n\t\t","protected":false},"excerpt":{"rendered":"<p>KOMITETET E POLITIKAVE Shoqata ka n\u00eb p\u00ebrb\u00ebrjen e saj disa Komitete p\u00ebr \u00e7\u00ebshtjet m\u00eb t\u00eb r\u00ebnd\u00ebsishme t\u00eb cilat marrin n\u00eb<span class=\"excerpt-hellip\"> [\u2026]<\/span><\/p>\n","protected":false},"author":1,"featured_media":0,"parent":0,"menu_order":0,"comment_status":"closed","ping_status":"closed","template":"","meta":{"_eb_attr":"","footnotes":""},"class_list":["post-7787","page","type-page","status-publish","hentry"],"_links":{"self":[{"href":"https:\/\/www.prodhuesit.org\/index.php?rest_route=\/wp\/v2\/pages\/7787","targetHints":{"allow":["GET"]}}],"collection":[{"href":"https:\/\/www.prodhuesit.org\/index.php?rest_route=\/wp\/v2\/pages"}],"about":[{"href":"https:\/\/www.prodhuesit.org\/index.php?rest_route=\/wp\/v2\/types\/page"}],"author":[{"embeddable":true,"href":"https:\/\/www.prodhuesit.org\/index.php?rest_route=\/wp\/v2\/users\/1"}],"replies":[{"embeddable":true,"href":"https:\/\/www.prodhuesit.org\/index.php?rest_route=%2Fwp%2Fv2%2Fcomments&post=7787"}],"version-history":[{"count":29,"href":"https:\/\/www.prodhuesit.org\/index.php?rest_route=\/wp\/v2\/pages\/7787\/revisions"}],"predecessor-version":[{"id":7839,"href":"https:\/\/www.prodhuesit.org\/index.php?rest_route=\/wp\/v2\/pages\/7787\/revisions\/7839"}],"wp:attachment":[{"href":"https:\/\/www.prodhuesit.org\/index.php?rest_route=%2Fwp%2Fv2%2Fmedia&parent=7787"}],"curies":[{"name":"wp","href":"https:\/\/api.w.org\/{rel}","templated":true}]}}